{"id":187117,"date":"2018-04-09T14:11:30","date_gmt":"2018-04-09T13:11:30","guid":{"rendered":"https:\/\/instavolt.es\/conductors-de-vehicles-electrics\/"},"modified":"2024-03-08T20:26:56","modified_gmt":"2024-03-08T20:26:56","slug":"conductors-de-vehicles-electrics","status":"publish","type":"page","link":"https:\/\/instavolt.es\/ca\/conductors-de-vehicles-electrics\/","title":{"rendered":"Conductors de vehicles el\u00e8ctrics"},"content":{"rendered":"","protected":false},"excerpt":{"rendered":"","protected":false},"author":4,"featured_media":0,"parent":0,"menu_order":0,"comment_status":"closed","ping_status":"closed","template":"templates\/page-drivers.php","meta":{"_acf_changed":false,"footnotes":""},"class_list":["post-187117","page","type-page","status-publish","hentry"],"acf":[],"yoast_head":"<!-- This site is optimized with the Yoast SEO plugin v27.3 - https:\/\/yoast.com\/product\/yoast-seo-wordpress\/ -->\n<title>Rec\u00e0rrega r\u00e0pida de vehicles el\u00e8ctrics | Instavolt<\/title>\n<meta name=\"description\" content=\"Toca i paga a totes les nostres estacions de c\u00e0rrega de cotxes el\u00e8ctrics amb la teva targeta contactless i evita pagar quotes de soci o c\u00e0rrecs ocults.\" \/>\n<meta name=\"robots\" content=\"index, follow, max-snippet:-1, max-image-preview:large, max-video-preview:-1\" \/>\n<link rel=\"canonical\" href=\"https:\/\/instavolt.es\/ca\/conductors-de-vehicles-electrics\/\" \/>\n<meta name=\"twitter:card\" content=\"summary_large_image\" \/>\n<meta name=\"twitter:title\" content=\"Rec\u00e0rrega r\u00e0pida de vehicles el\u00e8ctrics | Instavolt\" \/>\n<meta name=\"twitter:description\" content=\"Toca i paga a totes les nostres estacions de c\u00e0rrega de cotxes el\u00e8ctrics amb la teva targeta contactless i evita pagar quotes de soci o c\u00e0rrecs ocults.\" \/>\n<meta name=\"twitter:site\" content=\"@instavoltuk\" \/>\n<meta name=\"twitter:label1\" content=\"Temps estimat de lectura\" \/>\n\t<meta name=\"twitter:data1\" content=\"6 minuts\" \/>\n<script type=\"application\/ld+json\" class=\"yoast-schema-graph\">{\"@context\":\"https:\\\/\\\/schema.org\",\"@graph\":[{\"@type\":\"WebPage\",\"@id\":\"https:\\\/\\\/instavolt.es\\\/ca\\\/conductors-de-vehicles-electrics\\\/\",\"url\":\"https:\\\/\\\/instavolt.es\\\/ca\\\/conductors-de-vehicles-electrics\\\/\",\"name\":\"Rec\u00e0rrega r\u00e0pida de vehicles el\u00e8ctrics | Instavolt\",\"isPartOf\":{\"@id\":\"https:\\\/\\\/instavolt.es\\\/ca\\\/#website\"},\"datePublished\":\"2018-04-09T13:11:30+00:00\",\"dateModified\":\"2024-03-08T20:26:56+00:00\",\"description\":\"Toca i paga a totes les nostres estacions de c\u00e0rrega de cotxes el\u00e8ctrics amb la teva targeta contactless i evita pagar quotes de soci o c\u00e0rrecs ocults.\",\"breadcrumb\":{\"@id\":\"https:\\\/\\\/instavolt.es\\\/ca\\\/conductors-de-vehicles-electrics\\\/#breadcrumb\"},\"inLanguage\":\"ca\",\"potentialAction\":[{\"@type\":\"ReadAction\",\"target\":[\"https:\\\/\\\/instavolt.es\\\/ca\\\/conductors-de-vehicles-electrics\\\/\"]}]},{\"@type\":\"BreadcrumbList\",\"@id\":\"https:\\\/\\\/instavolt.es\\\/ca\\\/conductors-de-vehicles-electrics\\\/#breadcrumb\",\"itemListElement\":[{\"@type\":\"ListItem\",\"position\":1,\"name\":\"Home\",\"item\":\"https:\\\/\\\/instavolt.es\\\/ca\\\/\"},{\"@type\":\"ListItem\",\"position\":2,\"name\":\"Conductors de vehicles el\u00e8ctrics\"}]},{\"@type\":\"WebSite\",\"@id\":\"https:\\\/\\\/instavolt.es\\\/ca\\\/#website\",\"url\":\"https:\\\/\\\/instavolt.es\\\/ca\\\/\",\"name\":\"InstaVolt\",\"description\":\"Simple EV charging\",\"publisher\":{\"@id\":\"https:\\\/\\\/instavolt.es\\\/ca\\\/#organization\"},\"potentialAction\":[{\"@type\":\"SearchAction\",\"target\":{\"@type\":\"EntryPoint\",\"urlTemplate\":\"https:\\\/\\\/instavolt.es\\\/ca\\\/?s={search_term_string}\"},\"query-input\":{\"@type\":\"PropertyValueSpecification\",\"valueRequired\":true,\"valueName\":\"search_term_string\"}}],\"inLanguage\":\"ca\"},{\"@type\":\"Organization\",\"@id\":\"https:\\\/\\\/instavolt.es\\\/ca\\\/#organization\",\"name\":\"Instavolt\",\"url\":\"https:\\\/\\\/instavolt.es\\\/ca\\\/\",\"logo\":{\"@type\":\"ImageObject\",\"inLanguage\":\"ca\",\"@id\":\"https:\\\/\\\/instavolt.es\\\/ca\\\/#\\\/schema\\\/logo\\\/image\\\/\",\"url\":\"https:\\\/\\\/instavolt.adriandavey.rouge-dev3.com\\\/wp-content\\\/uploads\\\/2018\\\/04\\\/o6OpjiLz_400x400.jpg\",\"contentUrl\":\"https:\\\/\\\/instavolt.adriandavey.rouge-dev3.com\\\/wp-content\\\/uploads\\\/2018\\\/04\\\/o6OpjiLz_400x400.jpg\",\"width\":400,\"height\":400,\"caption\":\"Instavolt\"},\"image\":{\"@id\":\"https:\\\/\\\/instavolt.es\\\/ca\\\/#\\\/schema\\\/logo\\\/image\\\/\"},\"sameAs\":[\"https:\\\/\\\/x.com\\\/instavoltuk\",\"https:\\\/\\\/www.linkedin.com\\\/company\\\/instavolt\\\/\"]}]}<\/script>\n<!-- \/ Yoast SEO plugin. -->","yoast_head_json":{"title":"Rec\u00e0rrega r\u00e0pida de vehicles el\u00e8ctrics | Instavolt","description":"Toca i paga a totes les nostres estacions de c\u00e0rrega de cotxes el\u00e8ctrics amb la teva targeta contactless i evita pagar quotes de soci o c\u00e0rrecs ocults.","robots":{"index":"index","follow":"follow","max-snippet":"max-snippet:-1","max-image-preview":"max-image-preview:large","max-video-preview":"max-video-preview:-1"},"canonical":"https:\/\/instavolt.es\/ca\/conductors-de-vehicles-electrics\/","twitter_card":"summary_large_image","twitter_title":"Rec\u00e0rrega r\u00e0pida de vehicles el\u00e8ctrics | Instavolt","twitter_description":"Toca i paga a totes les nostres estacions de c\u00e0rrega de cotxes el\u00e8ctrics amb la teva targeta contactless i evita pagar quotes de soci o c\u00e0rrecs ocults.","twitter_site":"@instavoltuk","twitter_misc":{"Temps estimat de lectura":"6 minuts"},"schema":{"@context":"https:\/\/schema.org","@graph":[{"@type":"WebPage","@id":"https:\/\/instavolt.es\/ca\/conductors-de-vehicles-electrics\/","url":"https:\/\/instavolt.es\/ca\/conductors-de-vehicles-electrics\/","name":"Rec\u00e0rrega r\u00e0pida de vehicles el\u00e8ctrics | Instavolt","isPartOf":{"@id":"https:\/\/instavolt.es\/ca\/#website"},"datePublished":"2018-04-09T13:11:30+00:00","dateModified":"2024-03-08T20:26:56+00:00","description":"Toca i paga a totes les nostres estacions de c\u00e0rrega de cotxes el\u00e8ctrics amb la teva targeta contactless i evita pagar quotes de soci o c\u00e0rrecs ocults.","breadcrumb":{"@id":"https:\/\/instavolt.es\/ca\/conductors-de-vehicles-electrics\/#breadcrumb"},"inLanguage":"ca","potentialAction":[{"@type":"ReadAction","target":["https:\/\/instavolt.es\/ca\/conductors-de-vehicles-electrics\/"]}]},{"@type":"BreadcrumbList","@id":"https:\/\/instavolt.es\/ca\/conductors-de-vehicles-electrics\/#breadcrumb","itemListElement":[{"@type":"ListItem","position":1,"name":"Home","item":"https:\/\/instavolt.es\/ca\/"},{"@type":"ListItem","position":2,"name":"Conductors de vehicles el\u00e8ctrics"}]},{"@type":"WebSite","@id":"https:\/\/instavolt.es\/ca\/#website","url":"https:\/\/instavolt.es\/ca\/","name":"InstaVolt","description":"Simple EV charging","publisher":{"@id":"https:\/\/instavolt.es\/ca\/#organization"},"potentialAction":[{"@type":"SearchAction","target":{"@type":"EntryPoint","urlTemplate":"https:\/\/instavolt.es\/ca\/?s={search_term_string}"},"query-input":{"@type":"PropertyValueSpecification","valueRequired":true,"valueName":"search_term_string"}}],"inLanguage":"ca"},{"@type":"Organization","@id":"https:\/\/instavolt.es\/ca\/#organization","name":"Instavolt","url":"https:\/\/instavolt.es\/ca\/","logo":{"@type":"ImageObject","inLanguage":"ca","@id":"https:\/\/instavolt.es\/ca\/#\/schema\/logo\/image\/","url":"https:\/\/instavolt.adriandavey.rouge-dev3.com\/wp-content\/uploads\/2018\/04\/o6OpjiLz_400x400.jpg","contentUrl":"https:\/\/instavolt.adriandavey.rouge-dev3.com\/wp-content\/uploads\/2018\/04\/o6OpjiLz_400x400.jpg","width":400,"height":400,"caption":"Instavolt"},"image":{"@id":"https:\/\/instavolt.es\/ca\/#\/schema\/logo\/image\/"},"sameAs":["https:\/\/x.com\/instavoltuk","https:\/\/www.linkedin.com\/company\/instavolt\/"]}]}},"_links":{"self":[{"href":"https:\/\/instavolt.es\/ca\/wp-json\/wp\/v2\/pages\/187117","targetHints":{"allow":["GET"]}}],"collection":[{"href":"https:\/\/instavolt.es\/ca\/wp-json\/wp\/v2\/pages"}],"about":[{"href":"https:\/\/instavolt.es\/ca\/wp-json\/wp\/v2\/types\/page"}],"author":[{"embeddable":true,"href":"https:\/\/instavolt.es\/ca\/wp-json\/wp\/v2\/users\/4"}],"replies":[{"embeddable":true,"href":"https:\/\/instavolt.es\/ca\/wp-json\/wp\/v2\/comments?post=187117"}],"version-history":[{"count":0,"href":"https:\/\/instavolt.es\/ca\/wp-json\/wp\/v2\/pages\/187117\/revisions"}],"wp:attachment":[{"href":"https:\/\/instavolt.es\/ca\/wp-json\/wp\/v2\/media?parent=187117"}],"curies":[{"name":"wp","href":"https:\/\/api.w.org\/{rel}","templated":true}]}}